{"id":2047,"date":"2016-06-09T09:38:59","date_gmt":"2016-06-09T09:38:59","guid":{"rendered":"http:\/\/www.pladebarrisdelaflorida.cat\/es\/?page_id=2047"},"modified":"2017-02-17T08:47:55","modified_gmt":"2017-02-17T08:47:55","slug":"datos-generales-del-municipio-y-del-barrio","status":"publish","type":"page","link":"https:\/\/www.pladebarrisdelaflorida.cat\/es\/datos-generales-del-municipio-y-del-barrio\/","title":{"rendered":"Datos generales del municipio y del barrio"},"content":{"rendered":"<p style=\"text-align: justify;\"><div class=\"  col-md-8\"> <\/p>\n<p style=\"text-align: justify;\">El municipio de Mont-Roig del Camp abasta una superficie de 63,69km2 en los que se distribuyen dos n\u00facleos urbanos claramente diferenciados \u2013 Mont-Roig del Camp 2.798 habitantes y Miami Playa 5.846 habitantes- y 24 urbanizaciones.<\/p>\n<p style=\"text-align: justify;\">El n\u00facleo de Miami Playa se empez\u00f3 a construir a partir de los a\u00f1os 50 por familias que se dedicaban mayoritariamente al sector de la construcci\u00f3n, y registr\u00f3 un crecimiento exponencial a partir de la inauguraci\u00f3n el a\u00f1o 1972 de la central nuclear de Vandell\u00f2s I y a partir del desarrollo del sector tur\u00edstico. Fruto de este origen obrero se puede apreciar que el casco antiguo de Miami Playa est\u00e1 integrado principalmente, por casas unifamiliares construidas, en muchos casos, por los mismo propietarios sin ning\u00fan tipo de proyecto de urbanizaci\u00f3n. En esta zona, la heterogeneidad \u00e9tnica y social es mayor, con preponderancia de familias que llegaron de todos los rincones del estado en los a\u00f1os 50 y 60, y de familias que llegaron posteriormente, tanto de pa\u00edses europeos como de pa\u00edses extracomunitarios. Esta poblaci\u00f3n se caracteriza, en general, por bajos niveles de formaci\u00f3n.<\/p>\n<p style=\"text-align: justify;\">Miami Playa presenta un alto nombre de carencias y d\u00e9ficits urban\u00edsticos, adem\u00e1s de un grado de vertebraci\u00f3n social insuficiente para mejorar las relaciones vecinales e incrementar el bienestar colectivo. Adem\u00e1s, el modelo econ\u00f3mico se basa en actividades de bajo valor a\u00f1adido como por ejemplo la construcci\u00f3n, el comercio o el turismo, siendo este tipo de actividades muy vulnerables en un contexto de crisis econ\u00f3mica como el actual.<\/p>\n<p style=\"text-align: justify;\">El Barrio de la Florida es el n\u00facleo inicial de Miami Playa y por tanto, el sector m\u00e1s antiguo del mismo. El \u00e1mbito de actuaci\u00f3n del proyecto cuenta con una poblaci\u00f3n empadronada de 2.426 habitantes (seg\u00fan datos del padr\u00f3n municipal a setiembre de 2016) y una superficie total de 89,12 hect\u00e1reas. El Barrio de la Florida se encuentra situado en el sector suroeste del n\u00facleo, lugar donde se encuentra el mayor porcentaje de viviendas de primera residencia y donde est\u00e1n ubicados la totalidad de servicios municipales.<\/p>\n<p style=\"text-align: justify;\"><em><strong>Si quieres conocer la historia de Miami Platja visita este documental basado en entrevistas a vecinos y vecinas vinculados al nacimiento y desarrollo del n\u00facleo de Miami Playa. Este trabajo audiovisual tiene por objetivo recopilar la memoria hist\u00f3rica del \u00a0municipio.<\/strong><\/em><\/p>\n<p style=\"text-align: justify;\"><iframe loading=\"lazy\" src=\"\/\/www.youtube.com\/embed\/Xpe0m3jCmW0\" width=\"560\" height=\"315\" frameborder=\"0\" allowfullscreen=\"allowfullscreen\"><\/iframe><\/p>\n<p><\/div><div class=\"  col-md-4\"> <\/p>\n<div  class=\"col-md-12\"><div class=\"row\"><div class=\"cs-destacats\"><\/p>\n<p>&nbsp;<\/p>\n<p><span style=\"color: #800080;\"><em><strong>\u00c1MBITO DE ACTUACI\u00d3N DEL PLA DE BARRIS<\/strong><\/em><\/span><\/p>\n<p><div class=\"item\"><a href=\"link1\" target=\"_blank\" style=\"background-color:transparent;\"><figure><img decoding=\"async\" src=\"http:\/\/www.pladebarrisdelaflorida.cat\/wp-content\/uploads\/2016\/10\/02-PLANOL-CARRERS-PdB.jpg\" alt=\"Prova1\"><\/figure><span> <\/span><\/a><\/div><\/p>\n<p>&nbsp;<\/p>\n<p><div class=\"item\"><a href=\"http:\/\/mont-roig.cat\/es\/municipio\/presentacion\/\" target=\"_blank\" style=\"background-color:#00a6d6;\"><span class=\"title\">CONOCE EL MUNICIPIO DE MONT-ROIG DEL CAMP<\/span><span> <\/span><\/a><\/div><\/p>\n<p><div class=\"item\"><a href=\"http:\/\/mont-roig.cat\/es\/municipio\/breve-historia\/\" target=\"_blank\" style=\"background-color:#d6006d;\"><span class=\"title\">BREVE HIST\u00d3RIA DEL MUNICIPIO<\/span><span> <\/span><\/a><\/div><\/p>\n<p><div class=\"item\"><a href=\"http:\/\/mont-roig.cat\/es\/municipio\/informacion-util\/\" target=\"_blank\" style=\"background-color:#f0a600;\"><span class=\"title\">INFORMACI\u00d3N \u00daTIL DEL MUNICIPIO<\/span><span> <\/span><\/a><\/div><\/p>\n<p><\/div><\/div><\/div>\n<p><\/div><\/p>\n","protected":false},"excerpt":{"rendered":"","protected":false},"author":1,"featured_media":0,"parent":0,"menu_order":0,"comment_status":"closed","ping_status":"closed","template":"","meta":{"footnotes":""},"class_list":["post-2047","page","type-page","status-publish","hentry"],"_links":{"self":[{"href":"https:\/\/www.pladebarrisdelaflorida.cat\/es\/wp-json\/wp\/v2\/pages\/2047\/"}],"collection":[{"href":"https:\/\/www.pladebarrisdelaflorida.cat\/es\/wp-json\/wp\/v2\/pages\/"}],"about":[{"href":"https:\/\/www.pladebarrisdelaflorida.cat\/es\/wp-json\/wp\/v2\/types\/page\/"}],"author":[{"embeddable":true,"href":"https:\/\/www.pladebarrisdelaflorida.cat\/es\/wp-json\/wp\/v2\/users\/1\/"}],"replies":[{"embeddable":true,"href":"https:\/\/www.pladebarrisdelaflorida.cat\/es\/wp-json\/wp\/v2\/comments\/?post=2047"}],"version-history":[{"count":8,"href":"https:\/\/www.pladebarrisdelaflorida.cat\/es\/wp-json\/wp\/v2\/pages\/2047\/revisions\/"}],"predecessor-version":[{"id":3701,"href":"https:\/\/www.pladebarrisdelaflorida.cat\/es\/wp-json\/wp\/v2\/pages\/2047\/revisions\/3701\/"}],"wp:attachment":[{"href":"https:\/\/www.pladebarrisdelaflorida.cat\/es\/wp-json\/wp\/v2\/media\/?parent=2047"}],"curies":[{"name":"wp","href":"https:\/\/api.w.org\/{rel}","templated":true}]}}