{"id":4724,"date":"2018-01-16T11:45:37","date_gmt":"2018-01-16T11:45:37","guid":{"rendered":"http:\/\/www.pladebarrisdelaflorida.cat\/?page_id=4724"},"modified":"2018-07-04T09:47:05","modified_gmt":"2018-07-04T09:47:05","slug":"ordenanzas","status":"publish","type":"page","link":"https:\/\/www.pladebarrisdelaflorida.cat\/es\/ordenanzas\/","title":{"rendered":"Ordenanzas"},"content":{"rendered":"<div class=\"  col-md-8\"> \n<div  class=\"\" ><h1 style=\"color:#aa2331 !important; font-size: px !important; text-align: center; font-style:normal;\">ORDENANCES MUNICIPALS I DOCUMENTACI\u00d3<\/h1><div class=\"box_spreater\"><div class=\"spreater\" style=\"text-align: center;\"><div class=\"box_spreater\" ><div class=\"spreater-holder\"><span><\/span><span><\/span><span><\/span><\/div><\/div><\/div><\/div><\/div>\n<ul>\n<li><span style=\"color: #000000;\"><a style=\"color: #000000;\" href=\"http:\/\/www.pladebarrisdelaflorida.cat\/wp-content\/uploads\/2018\/01\/10-Ordenan\u00e7a-municipal-residus-pag-19.pdf\" target=\"_blank\" rel=\"noopener\">Ordenanza municipal de residuos<\/a><\/span><\/li>\n<li><span style=\"color: #000000;\"><a style=\"color: #000000;\" href=\"http:\/\/www.pladebarrisdelaflorida.cat\/wp-content\/uploads\/2018\/01\/04-Ordenan\u00e7a-reguladora-del-bon-\u00fas-de-la-via-p\u00fablica.pdf\" target=\"_blank\" rel=\"noopener\">Ordenanza reguladora del buen uso de la v\u00eda p\u00fablica y los espacios p\u00fablicos de Mont-roig del Camp<\/a><\/span><\/li>\n<li><span style=\"color: #000000;\"><a style=\"color: #000000;\" href=\"http:\/\/www.pladebarrisdelaflorida.cat\/wp-content\/uploads\/2018\/01\/DL-2_2008-de-15-abril-Llei-protecci\u00f3-animals.pdf\" target=\"_blank\" rel=\"noopener\">Decreto Legislativo 2\/2008, de 15 de Abril, por el cual se aprueba el Texto refundido de la Ley de protecci\u00f3n de animales<\/a><\/span><\/li>\n<li><span style=\"color: #000000;\"><a style=\"color: #000000;\" href=\"http:\/\/www.pladebarrisdelaflorida.cat\/wp-content\/uploads\/2018\/01\/13-Ordenan\u00e7a-municipal-de-tinen\u00e7a-danimals-dom\u00e8stics-de-Mont-roig-del-Camp.pdf\" target=\"_blank\" rel=\"noopener\">Ley 10\/1999, de 30 de julio sobre la tenencia de animales potencialmente peligrosos<\/a><\/span><\/li>\n<li><span style=\"color: #000000;\"><a style=\"color: #000000;\" href=\"http:\/\/www.pladebarrisdelaflorida.cat\/wp-content\/uploads\/2018\/01\/Llei-50_1999-sobre-r\u00e8gim-jur\u00eddic-de-la-tinen\u00e7a-danimals.pdf\" target=\"_blank\" rel=\"noopener\">Ley 50\/1999, de 23 de diciembre sobre el r\u00e9gimen jur\u00eddico de la tenencia de animales potencialmente peligrosos<\/a><\/span><\/li>\n<li><span style=\"color: #000000;\"><a style=\"color: #000000;\" href=\"http:\/\/www.pladebarrisdelaflorida.cat\/wp-content\/uploads\/2018\/01\/13-Ordenan\u00e7a-municipal-de-tinen\u00e7a-danimals-dom\u00e8stics-de-Mont-roig-del-Camp.pdf\" target=\"_blank\" rel=\"noopener\">Real Decreto 287\/2002, de 22 de marzo, por el cual se desenvolupa la Ley 50\/1999, de 23 de diciembre, sobre el r\u00e9gimen jur\u00eddico de la tenencia de animales potencialmente peligrosos<\/a><\/span><\/li>\n<\/ul>\n<p>&nbsp;<\/p>\n<p><a href=\"http:\/\/www.pladebarrisdelaflorida.cat\/wp-content\/uploads\/2016\/12\/logo-soc.jpg\"><img loading=\"lazy\" decoding=\"async\" class=\"wp-image-3438 alignleft\" src=\"http:\/\/www.pladebarrisdelaflorida.cat\/wp-content\/uploads\/2016\/12\/logo-soc.jpg\" alt=\"logo-soc\" width=\"119\" height=\"21\" srcset=\"https:\/\/www.pladebarrisdelaflorida.cat\/wp-content\/uploads\/2016\/12\/logo-soc.jpg 925w, https:\/\/www.pladebarrisdelaflorida.cat\/wp-content\/uploads\/2016\/12\/logo-soc-300x53.jpg 300w, https:\/\/www.pladebarrisdelaflorida.cat\/wp-content\/uploads\/2016\/12\/logo-soc-768x135.jpg 768w\" sizes=\"auto, (max-width: 119px) 100vw, 119px\" \/><\/a><a href=\"http:\/\/www.pladebarrisdelaflorida.cat\/wp-content\/uploads\/2016\/12\/logo-gencat.gif\"><img loading=\"lazy\" decoding=\"async\" class=\"wp-image-3437 alignleft\" src=\"http:\/\/www.pladebarrisdelaflorida.cat\/wp-content\/uploads\/2016\/12\/logo-gencat.gif\" alt=\"logo-gencat\" width=\"90\" height=\"23\" \/><\/a><a href=\"http:\/\/www.pladebarrisdelaflorida.cat\/wp-content\/uploads\/2016\/12\/Ministerio-de-empleo-y-SS.bmp\"><img loading=\"lazy\" decoding=\"async\" class=\"wp-image-3439 alignleft\" src=\"http:\/\/www.pladebarrisdelaflorida.cat\/wp-content\/uploads\/2016\/12\/Ministerio-de-empleo-y-SS.bmp\" alt=\"ministerio-de-empleo-y-ss\" width=\"80\" height=\"24\" \/><\/a><a href=\"http:\/\/www.pladebarrisdelaflorida.cat\/wp-content\/uploads\/2016\/12\/FSE_amb_lema.jpg\"><img loading=\"lazy\" decoding=\"async\" class=\"wp-image-3436 alignleft\" src=\"http:\/\/www.pladebarrisdelaflorida.cat\/wp-content\/uploads\/2016\/12\/FSE_amb_lema.jpg\" alt=\"fse_amb_lema\" width=\"123\" height=\"22\" srcset=\"https:\/\/www.pladebarrisdelaflorida.cat\/wp-content\/uploads\/2016\/12\/FSE_amb_lema.jpg 2119w, https:\/\/www.pladebarrisdelaflorida.cat\/wp-content\/uploads\/2016\/12\/FSE_amb_lema-300x54.jpg 300w, https:\/\/www.pladebarrisdelaflorida.cat\/wp-content\/uploads\/2016\/12\/FSE_amb_lema-768x138.jpg 768w, https:\/\/www.pladebarrisdelaflorida.cat\/wp-content\/uploads\/2016\/12\/FSE_amb_lema-1024x184.jpg 1024w\" sizes=\"auto, (max-width: 123px) 100vw, 123px\" \/><\/a><\/p>\n<p>&nbsp;<\/p>\n<p>&nbsp;<\/p>\n<p><\/div><div class=\"  col-md-4\"> <\/p>\n<div  class=\"col-md-12\"><div class=\"row\"><div class=\"cs-destacats\"><\/p>\n<p><div  class=\"\" ><h1 style=\"color:#aa2331 !important; font-size: px !important; text-align: center; font-style:normal;\">ENLACES WEB DEL AYUNTAMIENTO DE MONT-ROIG DEL CAMP<\/h1><div class=\"box_spreater\"><div class=\"spreater\" style=\"text-align: center;\"><div class=\"box_spreater\" ><div class=\"spreater-holder\"><span><\/span><span><\/span><span><\/span><\/div><\/div><\/div><\/div><\/div><\/p>\n<p>&nbsp;<\/p>\n<p><div class=\"item\"><a href=\"http:\/\/mont-roig.cat\/lajuntament\/funcionament\/normativa-municipal\" target=\"_blank\" style=\"background-color:#d6006d;\"><span class=\"title\">Ordenanzas municipales<\/span><span> <\/span><\/a><\/div><\/p>\n<p>&nbsp;<\/p>\n<p><\/div><\/div><\/div>\n<p><\/div><\/p>\n","protected":false},"excerpt":{"rendered":"","protected":false},"author":1,"featured_media":0,"parent":0,"menu_order":0,"comment_status":"closed","ping_status":"closed","template":"","meta":{"footnotes":""},"class_list":["post-4724","page","type-page","status-publish","hentry"],"_links":{"self":[{"href":"https:\/\/www.pladebarrisdelaflorida.cat\/es\/wp-json\/wp\/v2\/pages\/4724\/"}],"collection":[{"href":"https:\/\/www.pladebarrisdelaflorida.cat\/es\/wp-json\/wp\/v2\/pages\/"}],"about":[{"href":"https:\/\/www.pladebarrisdelaflorida.cat\/es\/wp-json\/wp\/v2\/types\/page\/"}],"author":[{"embeddable":true,"href":"https:\/\/www.pladebarrisdelaflorida.cat\/es\/wp-json\/wp\/v2\/users\/1\/"}],"replies":[{"embeddable":true,"href":"https:\/\/www.pladebarrisdelaflorida.cat\/es\/wp-json\/wp\/v2\/comments\/?post=4724"}],"version-history":[{"count":6,"href":"https:\/\/www.pladebarrisdelaflorida.cat\/es\/wp-json\/wp\/v2\/pages\/4724\/revisions\/"}],"predecessor-version":[{"id":5432,"href":"https:\/\/www.pladebarrisdelaflorida.cat\/es\/wp-json\/wp\/v2\/pages\/4724\/revisions\/5432\/"}],"wp:attachment":[{"href":"https:\/\/www.pladebarrisdelaflorida.cat\/es\/wp-json\/wp\/v2\/media\/?parent=4724"}],"curies":[{"name":"wp","href":"https:\/\/api.w.org\/{rel}","templated":true}]}}